{"id":2217,"date":"2018-05-07T08:47:14","date_gmt":"2018-05-07T08:47:14","guid":{"rendered":"https:\/\/cinerama.qodeinteractive.com\/elementor\/?page_id=2217"},"modified":"2021-06-28T18:21:12","modified_gmt":"2021-06-28T17:21:12","slug":"filmler","status":"publish","type":"page","link":"https:\/\/heimatlosfilms.com\/?page_id=2217","title":{"rendered":"Filmler"},"content":{"rendered":"\t\t<div data-elementor-type=\"wp-page\" data-elementor-id=\"2217\" class=\"elementor elementor-2217\">\n\t\t\t\t\t\t\t\t\t<section class=\"elementor-section elementor-top-section elementor-element elementor-element-8ca920b elementor-section-full_width elementor-section-height-default elementor-section-height-default edgtf-parallax-row-no edgtf-content-aligment-left edgtf-elementor-row-grid-no edgtf-disabled-bg-image-bellow-no\" data-id=\"8ca920b\" data-element_type=\"section\">\n\t\t\t\t\t\t<div class=\"elementor-container elementor-column-gap-default\">\n\t\t\t\t\t<div class=\"elementor-column elementor-col-100 elementor-top-column elementor-element elementor-element-e643f93\" data-id=\"e643f93\" data-element_type=\"column\">\n\t\t\t<div class=\"elementor-widget-wrap elementor-element-populated\">\n\t\t\t\t\t\t\t\t<div class=\"elementor-element elementor-element-eba9c90 elementor-widget elementor-widget-edgtf_portfolio_list\" data-id=\"eba9c90\" data-element_type=\"widget\" data-widget_type=\"edgtf_portfolio_list.default\">\n\t\t\t\t<div class=\"elementor-widget-container\">\n\t\t\t<div class=\"edgtf-portfolio-list-holder edgtf-pl-masonry  edgtf-tiny-space edgtf-pl-two-columns edgtf-pl-gallery-text-sliding    edgtf-pl-pag-no-pagination     \"  data-type=masonry data-number-of-columns=2 data-space-between-items=tiny data-number-of-items=-1 data-category=Film data-item-style=gallery-text-sliding data-enable-excerpt=yes data-excerpt-length=119 data-enable-fixed-proportions=no data-enable-image-shadow=no data-orderby=date data-order=ASC data-enable-title=yes data-title-tag=h4 data-pagination-type=no-pagination data-filter=no data-enable-article-animation=no data--transform-keep-proportions=yes data--transform-keep-proportions-hover=yes data-portfolio-slider-on=no data-max-num-pages=0 data-next-page=2>\n\t\t<div class=\"edgtf-pl-inner edgtf-outer-space clearfix\">\n\t\t<div class=\"edgtf-pl-grid-sizer\"><\/div>\n\t\t<div class=\"edgtf-pl-grid-gutter\"><\/div>\n\t\t<article class=\"edgtf-pl-item edgtf-item-space edgtf-masonry-size-default post-6057 portfolio-item type-portfolio-item status-publish has-post-thumbnail hentry portfolio-category-comedy portfolio-category-film\">\n\t<div class=\"edgtf-pl-item-inner\">\n\t\t<div class=\"edgtf-pli-image\">\n\t<img fetchpriority=\"high\" decoding=\"async\" width=\"1920\" height=\"1080\" src=\"https:\/\/heimatlosfilms.com\/wp-content\/uploads\/2021\/05\/cereyan-2.jpg\" class=\"attachment-full size-full wp-post-image\" alt=\"\" srcset=\"https:\/\/heimatlosfilms.com\/wp-content\/uploads\/2021\/05\/cereyan-2.jpg 1920w, https:\/\/heimatlosfilms.com\/wp-content\/uploads\/2021\/05\/cereyan-2-300x169.jpg 300w, https:\/\/heimatlosfilms.com\/wp-content\/uploads\/2021\/05\/cereyan-2-1024x576.jpg 1024w, https:\/\/heimatlosfilms.com\/wp-content\/uploads\/2021\/05\/cereyan-2-768x432.jpg 768w, https:\/\/heimatlosfilms.com\/wp-content\/uploads\/2021\/05\/cereyan-2-1536x864.jpg 1536w\" sizes=\"(max-width: 1920px) 100vw, 1920px\" \/><\/div>\n<div class=\"edgtf-pli-text-holder\">\n\t<div class=\"edgtf-pli-text\">\n\t\t\t<h4 itemprop=\"name\" class=\"edgtf-pli-title entry-title\" >\n\t\tCereyan\t<\/h4>\n\t\t\t<p itemprop=\"description\" class=\"edgtf-pli-excerpt\">Cereyan\r\n\r\nYazar\/Y\u00f6netmen Evre Erta\u015f\r\n\r\n1987 y\u0131l\u0131nda iki k\u0131z karde\u015f, b\u00fcy\u00fck karde\u015fin kocas\u0131yla birlikte babala<\/p>\n\t<\/div>\n<\/div>\n\t\t<a itemprop=\"url\" class=\"edgtf-pli-link edgtf-block-drag-link\" href=\"https:\/\/heimatlosfilms.com\/?portfolio-item=cereyan\" target=\"_self\"><\/a>\n\t<\/div>\n<\/article><article class=\"edgtf-pl-item edgtf-item-space edgtf-masonry-size-default post-6111 portfolio-item type-portfolio-item status-publish has-post-thumbnail hentry portfolio-category-comedy portfolio-category-film\">\n\t<div class=\"edgtf-pl-item-inner\">\n\t\t<div class=\"edgtf-pli-image\">\n\t<img decoding=\"async\" width=\"800\" height=\"450\" src=\"https:\/\/heimatlosfilms.com\/wp-content\/uploads\/2021\/05\/anasayfa-filmlerArtboard-1.jpg\" class=\"attachment-full size-full wp-post-image\" alt=\"\" srcset=\"https:\/\/heimatlosfilms.com\/wp-content\/uploads\/2021\/05\/anasayfa-filmlerArtboard-1.jpg 800w, https:\/\/heimatlosfilms.com\/wp-content\/uploads\/2021\/05\/anasayfa-filmlerArtboard-1-300x169.jpg 300w, https:\/\/heimatlosfilms.com\/wp-content\/uploads\/2021\/05\/anasayfa-filmlerArtboard-1-768x432.jpg 768w\" sizes=\"(max-width: 800px) 100vw, 800px\" \/><\/div>\n<div class=\"edgtf-pli-text-holder\">\n\t<div class=\"edgtf-pli-text\">\n\t\t\t<h4 itemprop=\"name\" class=\"edgtf-pli-title entry-title\" >\n\t\tHayaletler\t<\/h4>\n\t\t\t<p itemprop=\"description\" class=\"edgtf-pli-excerpt\">T\u00fcrkiye genelinde saatler s\u00fcren bir elektrik kesintisinin ya\u015fand\u0131\u011f\u0131 bir g\u00fcnde, ayn\u0131 mahalleden d\u00f6rt ki\u015finin y<\/p>\n\t<\/div>\n<\/div>\n\t\t<a itemprop=\"url\" class=\"edgtf-pli-link edgtf-block-drag-link\" href=\"https:\/\/heimatlosfilms.com\/?portfolio-item=hayaletler\" target=\"_self\"><\/a>\n\t<\/div>\n<\/article><article class=\"edgtf-pl-item edgtf-item-space edgtf-masonry-size-default post-6191 portfolio-item type-portfolio-item status-publish has-post-thumbnail hentry portfolio-category-film\">\n\t<div class=\"edgtf-pl-item-inner\">\n\t\t<div class=\"edgtf-pli-image\">\n\t<img decoding=\"async\" width=\"800\" height=\"450\" src=\"https:\/\/heimatlosfilms.com\/wp-content\/uploads\/2021\/05\/anasayfa-filmlerArtboard-3.jpg\" class=\"attachment-full size-full wp-post-image\" alt=\"\" srcset=\"https:\/\/heimatlosfilms.com\/wp-content\/uploads\/2021\/05\/anasayfa-filmlerArtboard-3.jpg 800w, https:\/\/heimatlosfilms.com\/wp-content\/uploads\/2021\/05\/anasayfa-filmlerArtboard-3-300x169.jpg 300w, https:\/\/heimatlosfilms.com\/wp-content\/uploads\/2021\/05\/anasayfa-filmlerArtboard-3-768x432.jpg 768w\" sizes=\"(max-width: 800px) 100vw, 800px\" \/><\/div>\n<div class=\"edgtf-pli-text-holder\">\n\t<div class=\"edgtf-pli-text\">\n\t\t\t<h4 itemprop=\"name\" class=\"edgtf-pli-title entry-title\" >\n\t\tEvde Yok\t<\/h4>\n\t\t\t<p itemprop=\"description\" class=\"edgtf-pli-excerpt\">T\u00fcrkiye genelinde saatler s\u00fcren bir elektrik kesintisinin ya\u015fand\u0131\u011f\u0131 bir g\u00fcnde, ayn\u0131 mahalleden d\u00f6rt ki\u015finin y<\/p>\n\t<\/div>\n<\/div>\n\t\t<a itemprop=\"url\" class=\"edgtf-pli-link edgtf-block-drag-link\" href=\"https:\/\/heimatlosfilms.com\/?portfolio-item=evde-yok\" target=\"_self\"><\/a>\n\t<\/div>\n<\/article><article class=\"edgtf-pl-item edgtf-item-space edgtf-masonry-size-default post-6204 portfolio-item type-portfolio-item status-publish has-post-thumbnail hentry portfolio-category-film\">\n\t<div class=\"edgtf-pl-item-inner\">\n\t\t<div class=\"edgtf-pli-image\">\n\t<img loading=\"lazy\" decoding=\"async\" width=\"800\" height=\"450\" src=\"https:\/\/heimatlosfilms.com\/wp-content\/uploads\/2021\/06\/Artboard-4.png\" class=\"attachment-full size-full wp-post-image\" alt=\"\" srcset=\"https:\/\/heimatlosfilms.com\/wp-content\/uploads\/2021\/06\/Artboard-4.png 800w, https:\/\/heimatlosfilms.com\/wp-content\/uploads\/2021\/06\/Artboard-4-300x169.png 300w, https:\/\/heimatlosfilms.com\/wp-content\/uploads\/2021\/06\/Artboard-4-768x432.png 768w\" sizes=\"(max-width: 800px) 100vw, 800px\" \/><\/div>\n<div class=\"edgtf-pli-text-holder\">\n\t<div class=\"edgtf-pli-text\">\n\t\t\t<h4 itemprop=\"name\" class=\"edgtf-pli-title entry-title\" >\n\t\tHat\u0131ra Foto\u011fraf\u0131\t<\/h4>\n\t\t\t<p itemprop=\"description\" class=\"edgtf-pli-excerpt\">T\u00fcrkiye genelinde saatler s\u00fcren bir elektrik kesintisinin ya\u015fand\u0131\u011f\u0131 bir g\u00fcnde, ayn\u0131 mahalleden d\u00f6rt ki\u015finin y<\/p>\n\t<\/div>\n<\/div>\n\t\t<a itemprop=\"url\" class=\"edgtf-pli-link edgtf-block-drag-link\" href=\"https:\/\/heimatlosfilms.com\/?portfolio-item=hatira_fotografi\" target=\"_self\"><\/a>\n\t<\/div>\n<\/article><article class=\"edgtf-pl-item edgtf-item-space edgtf-masonry-size-default post-6217 portfolio-item type-portfolio-item status-publish has-post-thumbnail hentry portfolio-category-film\">\n\t<div class=\"edgtf-pl-item-inner\">\n\t\t<div class=\"edgtf-pli-image\">\n\t<img loading=\"lazy\" decoding=\"async\" width=\"800\" height=\"450\" src=\"https:\/\/heimatlosfilms.com\/wp-content\/uploads\/2021\/06\/Artboard-5.png\" class=\"attachment-full size-full wp-post-image\" alt=\"\" srcset=\"https:\/\/heimatlosfilms.com\/wp-content\/uploads\/2021\/06\/Artboard-5.png 800w, https:\/\/heimatlosfilms.com\/wp-content\/uploads\/2021\/06\/Artboard-5-300x169.png 300w, https:\/\/heimatlosfilms.com\/wp-content\/uploads\/2021\/06\/Artboard-5-768x432.png 768w\" sizes=\"(max-width: 800px) 100vw, 800px\" \/><\/div>\n<div class=\"edgtf-pli-text-holder\">\n\t<div class=\"edgtf-pli-text\">\n\t\t\t<h4 itemprop=\"name\" class=\"edgtf-pli-title entry-title\" >\n\t\tMimaro\u011flu: The Robinson of Manhattan Island\t<\/h4>\n\t\t\t<p itemprop=\"description\" class=\"edgtf-pli-excerpt\">T\u00fcrkiye genelinde saatler s\u00fcren bir elektrik kesintisinin ya\u015fand\u0131\u011f\u0131 bir g\u00fcnde, ayn\u0131 mahalleden d\u00f6rt ki\u015finin y<\/p>\n\t<\/div>\n<\/div>\n\t\t<a itemprop=\"url\" class=\"edgtf-pli-link edgtf-block-drag-link\" href=\"https:\/\/heimatlosfilms.com\/?portfolio-item=mimaroglu-the-robinson-of-manhattan-island\" target=\"_self\"><\/a>\n\t<\/div>\n<\/article>\t<\/div>\n\t\n\t<\/div>\t\t<\/div>\n\t\t\t\t<\/div>\n\t\t\t\t\t<\/div>\n\t\t<\/div>\n\t\t\t\t\t\t\t<\/div>\n\t\t<\/section>\n\t\t\t\t\t\t\t<\/div>\n\t\t","protected":false},"excerpt":{"rendered":"<p>Hayaletler T\u00fcrkiye genelinde saatler s\u00fcren bir elektrik kesintisinin ya\u015fand\u0131\u011f\u0131 bir g\u00fcnde, ayn\u0131 mahalleden d\u00f6rt ki\u015finin y Evde [&hellip;]<\/p>\n","protected":false},"author":1,"featured_media":0,"parent":0,"menu_order":0,"comment_status":"closed","ping_status":"closed","template":"full-width.php","meta":{"footnotes":""},"class_list":["post-2217","page","type-page","status-publish","hentry"],"_links":{"self":[{"href":"https:\/\/heimatlosfilms.com\/index.php?rest_route=\/wp\/v2\/pages\/2217","targetHints":{"allow":["GET"]}}],"collection":[{"href":"https:\/\/heimatlosfilms.com\/index.php?rest_route=\/wp\/v2\/pages"}],"about":[{"href":"https:\/\/heimatlosfilms.com\/index.php?rest_route=\/wp\/v2\/types\/page"}],"author":[{"embeddable":true,"href":"https:\/\/heimatlosfilms.com\/index.php?rest_route=\/wp\/v2\/users\/1"}],"replies":[{"embeddable":true,"href":"https:\/\/heimatlosfilms.com\/index.php?rest_route=%2Fwp%2Fv2%2Fcomments&post=2217"}],"version-history":[{"count":4,"href":"https:\/\/heimatlosfilms.com\/index.php?rest_route=\/wp\/v2\/pages\/2217\/revisions"}],"predecessor-version":[{"id":6263,"href":"https:\/\/heimatlosfilms.com\/index.php?rest_route=\/wp\/v2\/pages\/2217\/revisions\/6263"}],"wp:attachment":[{"href":"https:\/\/heimatlosfilms.com\/index.php?rest_route=%2Fwp%2Fv2%2Fmedia&parent=2217"}],"curies":[{"name":"wp","href":"https:\/\/api.w.org\/{rel}","templated":true}]}}