{"id":4890,"date":"2021-02-18T13:44:23","date_gmt":"2021-02-18T13:44:23","guid":{"rendered":"https:\/\/cinerama.qodeinteractive.com\/elementor\/?page_id=4890"},"modified":"2024-04-04T19:18:34","modified_gmt":"2024-04-04T18:18:34","slug":"contact-us","status":"publish","type":"page","link":"https:\/\/heimatlosfilms.com\/?page_id=4890","title":{"rendered":"\u0130leti\u015fim"},"content":{"rendered":"<h5><b>Dilek AYDIN<\/b><\/h5>\n<p><a href=\"mailto:dilek@heimatlosfilms.com?subject=Please%20enter%20a%20subject...\">dilek@heimatlosfilms.com<\/a><\/p>\n<h5>EFE DURMAZ<\/h5>\n<p><a href=\"mailto:efe@heimatlosfilms.com\">efe@heimatlosfilms.com<\/a><\/p>\n<h4>Sosyal Medya Hesaplar\u0131<\/h4>\n<p>Yeni projelerimiz i\u00e7in sosyal medya hesaplar\u0131m\u0131z\u0131 takip edin.<\/p>\n<p><a href=\"https:\/\/www.youtube.com\/QodeInteractiveVideos\" target=\"_blank\" rel=\"noopener\"><br \/>\n<\/a><br \/>\n<a href=\"https:\/\/www.instagram.com\/qodeinteractive\/\" target=\"_blank\" rel=\"noopener\"><br \/>\n<\/a><br \/>\n<a href=\"https:\/\/www.facebook.com\/QodeInteractive\/\" target=\"_blank\" rel=\"noopener\"><br \/>\n<\/a><br \/>\n<a href=\"https:\/\/twitter.com\/QodeInteractive\" target=\"_blank\" rel=\"noopener\"><br \/>\n<\/a><\/p>\n<p>E-Posta listemize abone olun<\/p>\n<div role=\"form\" class=\"wpcf7\" id=\"wpcf7-f563-o1\" lang=\"en-US\" dir=\"ltr\">\n<div class=\"screen-reader-response\"><p role=\"status\" aria-live=\"polite\" aria-atomic=\"true\"><\/p> <ul><\/ul><\/div>\n<form action=\"\/index.php?rest_route=%2Fwp%2Fv2%2Fpages%2F4890#wpcf7-f563-o1\" method=\"post\" class=\"wpcf7-form init\" novalidate=\"novalidate\" data-status=\"init\">\n<div style=\"display: none;\">\n<input type=\"hidden\" name=\"_wpcf7\" value=\"563\" \/>\n<input type=\"hidden\" name=\"_wpcf7_version\" value=\"5.6.4\" \/>\n<input type=\"hidden\" name=\"_wpcf7_locale\" value=\"en_US\" \/>\n<input type=\"hidden\" name=\"_wpcf7_unit_tag\" value=\"wpcf7-f563-o1\" \/>\n<input type=\"hidden\" name=\"_wpcf7_container_post\" value=\"0\" \/>\n<input type=\"hidden\" name=\"_wpcf7_posted_data_hash\" value=\"\" \/>\n<\/div>\n<div class=\"edgtf-two-columns-form-without-space\">\n<div class=\"edgtf-column-left\">\n\t<span class=\"wpcf7-form-control-wrap\" data-name=\"your-email\"><input type=\"email\" name=\"your-email\" value=\"\" size=\"40\" class=\"wpcf7-form-control wpcf7-text wpcf7-email wpcf7-validates-as-required wpcf7-validates-as-email\" aria-required=\"true\" aria-invalid=\"false\" placeholder=\"Your email\" \/><\/span>\n    <\/div>\n<div class=\"edgtf-column-right\">\n\t<button type=\"submit\" class=\"edgtf-btn submit\"><i class=\"fab fa-telegram-plane\"><\/i><\/button>\n    <\/div>\n<\/div>\n<div class=\"wpcf7-response-output\" aria-hidden=\"true\"><\/div><\/form><\/div>\n","protected":false},"excerpt":{"rendered":"<p>Dilek AYDIN dilek@heimatlosfilms.com EFE DURMAZ efe@heimatlosfilms.com Sosyal Medya Hesaplar\u0131 Yeni projelerimiz i\u00e7in sosyal medya hesaplar\u0131m\u0131z\u0131 takip edin. [&hellip;]<\/p>\n","protected":false},"author":1,"featured_media":0,"parent":0,"menu_order":0,"comment_status":"closed","ping_status":"closed","template":"full-width.php","meta":{"footnotes":""},"class_list":["post-4890","page","type-page","status-publish","hentry"],"_links":{"self":[{"href":"https:\/\/heimatlosfilms.com\/index.php?rest_route=\/wp\/v2\/pages\/4890","targetHints":{"allow":["GET"]}}],"collection":[{"href":"https:\/\/heimatlosfilms.com\/index.php?rest_route=\/wp\/v2\/pages"}],"about":[{"href":"https:\/\/heimatlosfilms.com\/index.php?rest_route=\/wp\/v2\/types\/page"}],"author":[{"embeddable":true,"href":"https:\/\/heimatlosfilms.com\/index.php?rest_route=\/wp\/v2\/users\/1"}],"replies":[{"embeddable":true,"href":"https:\/\/heimatlosfilms.com\/index.php?rest_route=%2Fwp%2Fv2%2Fcomments&post=4890"}],"version-history":[{"count":16,"href":"https:\/\/heimatlosfilms.com\/index.php?rest_route=\/wp\/v2\/pages\/4890\/revisions"}],"predecessor-version":[{"id":6653,"href":"https:\/\/heimatlosfilms.com\/index.php?rest_route=\/wp\/v2\/pages\/4890\/revisions\/6653"}],"wp:attachment":[{"href":"https:\/\/heimatlosfilms.com\/index.php?rest_route=%2Fwp%2Fv2%2Fmedia&parent=4890"}],"curies":[{"name":"wp","href":"https:\/\/api.w.org\/{rel}","templated":true}]}}